{"id":11,"date":"2017-09-06T11:23:28","date_gmt":"2017-09-06T14:23:28","guid":{"rendered":"http:\/\/www.apg.ufla.br\/?page_id=11"},"modified":"2017-09-19T09:34:27","modified_gmt":"2017-09-19T12:34:27","slug":"estatutos-regimentos","status":"publish","type":"page","link":"http:\/\/www.apg.ufla.br\/index.php\/estatutos-regimentos\/","title":{"rendered":"Estatutos e Regimentos"},"content":{"rendered":"<p style=\"text-align: center;\">Nesta se\u00e7\u00e3o est\u00e3o disponibilizados documentos importantes no contexto da p\u00f3s-gradua\u00e7\u00e3o.<\/p>\n<p style=\"text-align: center;\">Eles tratam sobre o funcionamento, organiza\u00e7\u00e3o, representa\u00e7\u00e3o e obriga\u00e7\u00f5es de cada inst\u00e2ncia representativa da Universidade Federal de Lavras:<\/p>\n<p style=\"text-align: center;\"><a href=\"http:\/\/www.prpg.ufla.br\/prpg2010\/gestao-academica\/normas-academicas\/\">Legisla\u00e7\u00f5es da Pr\u00f3-reitoria de P\u00f3s-gradua\u00e7\u00e3o<\/a><\/p>\n<p style=\"text-align: center;\"><a href=\"http:\/\/www.ufla.br\/portal\/institucional\/\">Informa\u00e7\u00f5es institucionais da UFLA<\/a><\/p>\n<p style=\"text-align: center;\"><a href=\"https:\/\/drive.google.com\/file\/d\/0BzYvB8lh0kz-UmxCSEdreVBwZDA\/view?usp=sharing\">ESTATUTO APG UFLA<\/a><\/p>\n","protected":false},"excerpt":{"rendered":"<p>Nesta se\u00e7\u00e3o est\u00e3o disponibilizados documentos importantes no contexto da p\u00f3s-gradua\u00e7\u00e3o. Eles tratam sobre o funcionamento, organiza\u00e7\u00e3o, representa\u00e7\u00e3o e obriga\u00e7\u00f5es de cada inst\u00e2ncia representativa da Universidade Federal de Lavras: Legisla\u00e7\u00f5es da Pr\u00f3-reitoria de P\u00f3s-gradua\u00e7\u00e3o Informa\u00e7\u00f5es institucionais da UFLA ESTATUTO APG UFLA<\/p>\n","protected":false},"author":1,"featured_media":0,"parent":0,"menu_order":2,"comment_status":"closed","ping_status":"closed","template":"","meta":[],"_links":{"self":[{"href":"http:\/\/www.apg.ufla.br\/index.php\/wp-json\/wp\/v2\/pages\/11"}],"collection":[{"href":"http:\/\/www.apg.ufla.br\/index.php\/wp-json\/wp\/v2\/pages"}],"about":[{"href":"http:\/\/www.apg.ufla.br\/index.php\/wp-json\/wp\/v2\/types\/page"}],"author":[{"embeddable":true,"href":"http:\/\/www.apg.ufla.br\/index.php\/wp-json\/wp\/v2\/users\/1"}],"replies":[{"embeddable":true,"href":"http:\/\/www.apg.ufla.br\/index.php\/wp-json\/wp\/v2\/comments?post=11"}],"version-history":[{"count":7,"href":"http:\/\/www.apg.ufla.br\/index.php\/wp-json\/wp\/v2\/pages\/11\/revisions"}],"predecessor-version":[{"id":89,"href":"http:\/\/www.apg.ufla.br\/index.php\/wp-json\/wp\/v2\/pages\/11\/revisions\/89"}],"wp:attachment":[{"href":"http:\/\/www.apg.ufla.br\/index.php\/wp-json\/wp\/v2\/media?parent=11"}],"curies":[{"name":"wp","href":"https:\/\/api.w.org\/{rel}","templated":true}]}}