{"id":126,"date":"2017-10-05T10:21:31","date_gmt":"2017-10-05T13:21:31","guid":{"rendered":"http:\/\/www.apg.ufla.br\/?page_id=126"},"modified":"2018-02-21T21:42:47","modified_gmt":"2018-02-22T00:42:47","slug":"congresso-da-pg","status":"publish","type":"page","link":"http:\/\/www.apg.ufla.br\/index.php\/congresso-da-pg\/","title":{"rendered":"Congresso da PG"},"content":{"rendered":"<p>Seguem os links dos certificados dos congressos anteriores:<\/p>\n<ul>\n<li>Congresso da P\u00f3s-gradua\u00e7\u00e3o 2016\n<ul>\n<li><a href=\"https:\/\/drive.google.com\/drive\/folders\/0BzYvB8lh0kz-WUNES05ISWE4M28?usp=sharing\">Trabalhos<\/a><\/li>\n<li><a href=\"https:\/\/drive.google.com\/drive\/folders\/0BzYvB8lh0kz-Y3pnY0YzcHFwbmc?usp=sharing\">Avaliadores e Revisores<\/a><\/li>\n<li><a href=\"https:\/\/drive.google.com\/drive\/folders\/0BzYvB8lh0kz-Z21ZeHdCc1VSV00?usp=sharing\">Resumos<\/a><\/li>\n<\/ul>\n<\/li>\n<li>Congresso da P\u00f3s-gradua\u00e7\u00e3o 2015\n<ul>\n<li><a href=\"https:\/\/drive.google.com\/drive\/folders\/0BzYvB8lh0kz-bU5pMVA3WlRzSVE?usp=sharing\">Trabalhos<\/a><\/li>\n<li><a href=\"https:\/\/drive.google.com\/drive\/folders\/0BzYvB8lh0kz-bk1jYlBseG1PU3M?usp=sharing\">Congressistas<\/a><\/li>\n<li><a href=\"https:\/\/drive.google.com\/drive\/folders\/0BzYvB8lh0kz-NWhSU1U2cVQwVlE?usp=sharing\">Avaliadores<\/a><\/li>\n<\/ul>\n<\/li>\n<li>Congresso da P\u00f3s-gradua\u00e7\u00e3o 2014\n<ul>\n<li><a href=\"https:\/\/drive.google.com\/open?id=0BzYvB8lh0kz-MEpicHA1eFlnVTA\">Avaliadores<\/a><\/li>\n<li><a href=\"https:\/\/drive.google.com\/file\/d\/0BzYvB8lh0kz-Z0h0MGNpaEhyeUk\/view?usp=sharing\">Congressistas<\/a><\/li>\n<li><a href=\"https:\/\/drive.google.com\/open?id=0BzYvB8lh0kz-QkM5bDhDd0k4dEk\">Melhor trabalho<\/a><\/li>\n<li><a href=\"https:\/\/drive.google.com\/open?id=0BzYvB8lh0kz-YnhWeEtlcUZDczA\">Minicursos<\/a>\n<ul>\n<li><a href=\"https:\/\/drive.google.com\/open?id=0BzYvB8lh0kz-TWhWVGExckV1cEk\">Comunica\u00e7\u00e3o<\/a><\/li>\n<li><a href=\"https:\/\/drive.google.com\/open?id=0BzYvB8lh0kz-dklFSjFuaUM1NDA\">Curso R<\/a><\/li>\n<li><a href=\"https:\/\/drive.google.com\/open?id=0BzYvB8lh0kz-S3A2WWpwMkV5VFE\">Marketing e universidade<\/a><\/li>\n<li><a href=\"https:\/\/drive.google.com\/open?id=0BzYvB8lh0kz-Nk4wdldKUWE4SG8\">M\u00e9todo cientifico<\/a><\/li>\n<\/ul>\n<\/li>\n<li><a href=\"https:\/\/drive.google.com\/open?id=0BzYvB8lh0kz-Y1dNUlNHMEdPWjQ\">Resumos<\/a><\/li>\n<li><a href=\"https:\/\/drive.google.com\/open?id=0BzYvB8lh0kz-SmlRMXZ1ejU0NjA\">Revisores<\/a><\/li>\n<li><a href=\"https:\/\/drive.google.com\/open?id=0BzYvB8lh0kz-Y2tia3pUeUFlXzQ\">Trabalhos<\/a><\/li>\n<\/ul>\n<\/li>\n<li>Congresso da P\u00f3s-gradua\u00e7\u00e3o 2013\n<ul>\n<li><a href=\"https:\/\/drive.google.com\/open?id=0BzYvB8lh0kz-a240QUVKdFZhOGs\">Anais e resumos<\/a><\/li>\n<\/ul>\n<\/li>\n<li>Congresso da P\u00f3s-gradua\u00e7\u00e3o 2012\n<ul>\n<li><a href=\"https:\/\/drive.google.com\/open?id=0BzYvB8lh0kz-U2hZU3ZoaW5kb0E\">Anais e resumos<\/a><\/li>\n<\/ul>\n<\/li>\n<li>Congresso da P\u00f3s-gradua\u00e7\u00e3o 2009\n<ul>\n<li><a href=\"https:\/\/drive.google.com\/open?id=0BzYvB8lh0kz-RVBtV2ZQU1JMOTA\">Anais e resumos<\/a><\/li>\n<\/ul>\n<\/li>\n<li>Congresso da P\u00f3s-gradua\u00e7\u00e3o 2008\n<ul>\n<li><a href=\"https:\/\/drive.google.com\/open?id=0BzYvB8lh0kz-MC1wRWlFOUhsYXc\">Anais e resumos<\/a><\/li>\n<\/ul>\n<\/li>\n<\/ul>\n","protected":false},"excerpt":{"rendered":"<p>Seguem os links dos certificados dos congressos anteriores: Congresso da P\u00f3s-gradua\u00e7\u00e3o 2016 Trabalhos Avaliadores e Revisores Resumos Congresso da P\u00f3s-gradua\u00e7\u00e3o 2015 Trabalhos Congressistas Avaliadores Congresso da P\u00f3s-gradua\u00e7\u00e3o 2014 Avaliadores Congressistas Melhor trabalho Minicursos Comunica\u00e7\u00e3o Curso R Marketing e universidade M\u00e9todo cientifico Resumos Revisores Trabalhos Congresso da P\u00f3s-gradua\u00e7\u00e3o 2013 Anais e resumos Congresso da P\u00f3s-gradua\u00e7\u00e3o 2012 &hellip; <a href=\"http:\/\/www.apg.ufla.br\/index.php\/congresso-da-pg\/\" class=\"more-link\">Continue lendo<span class=\"screen-reader-text\"> &#8220;Congresso da PG&#8221;<\/span><\/a><\/p>\n","protected":false},"author":2,"featured_media":0,"parent":0,"menu_order":0,"comment_status":"closed","ping_status":"closed","template":"","meta":[],"_links":{"self":[{"href":"http:\/\/www.apg.ufla.br\/index.php\/wp-json\/wp\/v2\/pages\/126"}],"collection":[{"href":"http:\/\/www.apg.ufla.br\/index.php\/wp-json\/wp\/v2\/pages"}],"about":[{"href":"http:\/\/www.apg.ufla.br\/index.php\/wp-json\/wp\/v2\/types\/page"}],"author":[{"embeddable":true,"href":"http:\/\/www.apg.ufla.br\/index.php\/wp-json\/wp\/v2\/users\/2"}],"replies":[{"embeddable":true,"href":"http:\/\/www.apg.ufla.br\/index.php\/wp-json\/wp\/v2\/comments?post=126"}],"version-history":[{"count":11,"href":"http:\/\/www.apg.ufla.br\/index.php\/wp-json\/wp\/v2\/pages\/126\/revisions"}],"predecessor-version":[{"id":160,"href":"http:\/\/www.apg.ufla.br\/index.php\/wp-json\/wp\/v2\/pages\/126\/revisions\/160"}],"wp:attachment":[{"href":"http:\/\/www.apg.ufla.br\/index.php\/wp-json\/wp\/v2\/media?parent=126"}],"curies":[{"name":"wp","href":"https:\/\/api.w.org\/{rel}","templated":true}]}}