{"id":7,"date":"2017-09-06T11:23:28","date_gmt":"2017-09-06T14:23:28","guid":{"rendered":"http:\/\/www.apg.ufla.br\/?page_id=7"},"modified":"2017-09-09T19:24:04","modified_gmt":"2017-09-09T22:24:04","slug":"pagina-inicial","status":"publish","type":"page","link":"http:\/\/www.apg.ufla.br\/","title":{"rendered":"Principal"},"content":{"rendered":"<p>A APG\/UFLA \u00e9 uma associa\u00e7\u00e3o civil sem fim lucrativo, fundada no dia 13 do m\u00eas de agosto do ano de 1985 e congrega os discentes de p\u00f3s-gradua\u00e7\u00e3o Stricto Sensu e Lato Sensu, com autonomia administrativa e financeira, entidade representativa dos estudantes de p\u00f3s-gradua\u00e7\u00e3o da Universidade Federal de Lavras.<\/p>\n","protected":false},"excerpt":{"rendered":"<p>A APG\/UFLA \u00e9 uma associa\u00e7\u00e3o civil sem fim lucrativo, fundada no dia 13 do m\u00eas de agosto do ano de 1985 e congrega os discentes de p\u00f3s-gradua\u00e7\u00e3o Stricto Sensu e Lato Sensu, com autonomia administrativa e financeira, entidade representativa dos estudantes de p\u00f3s-gradua\u00e7\u00e3o da Universidade Federal de Lavras.<\/p>\n","protected":false},"author":1,"featured_media":0,"parent":0,"menu_order":0,"comment_status":"closed","ping_status":"closed","template":"","meta":[],"_links":{"self":[{"href":"http:\/\/www.apg.ufla.br\/index.php\/wp-json\/wp\/v2\/pages\/7"}],"collection":[{"href":"http:\/\/www.apg.ufla.br\/index.php\/wp-json\/wp\/v2\/pages"}],"about":[{"href":"http:\/\/www.apg.ufla.br\/index.php\/wp-json\/wp\/v2\/types\/page"}],"author":[{"embeddable":true,"href":"http:\/\/www.apg.ufla.br\/index.php\/wp-json\/wp\/v2\/users\/1"}],"replies":[{"embeddable":true,"href":"http:\/\/www.apg.ufla.br\/index.php\/wp-json\/wp\/v2\/comments?post=7"}],"version-history":[{"count":3,"href":"http:\/\/www.apg.ufla.br\/index.php\/wp-json\/wp\/v2\/pages\/7\/revisions"}],"predecessor-version":[{"id":42,"href":"http:\/\/www.apg.ufla.br\/index.php\/wp-json\/wp\/v2\/pages\/7\/revisions\/42"}],"wp:attachment":[{"href":"http:\/\/www.apg.ufla.br\/index.php\/wp-json\/wp\/v2\/media?parent=7"}],"curies":[{"name":"wp","href":"https:\/\/api.w.org\/{rel}","templated":true}]}}