{"id":8,"date":"2017-09-06T11:23:28","date_gmt":"2017-09-06T14:23:28","guid":{"rendered":"http:\/\/www.apg.ufla.br\/?page_id=8"},"modified":"2017-09-09T20:11:43","modified_gmt":"2017-09-09T23:11:43","slug":"quem-somos-nos","status":"publish","type":"page","link":"http:\/\/www.apg.ufla.br\/index.php\/quem-somos-nos\/","title":{"rendered":"Quem Somos n\u00f3s!?"},"content":{"rendered":"<p>A Associa\u00e7\u00e3o dos P\u00f3s-graduandos da UFLA possui atualmente a chapa [R]Existir.<\/p>\n<p>Os integrantes s\u00e3o:<\/p>\n<ul>\n<li><strong>Coordenadora Geral:\u00a0<em>LARISSA MORAES CORDEIRO,<\/em><\/strong>\u00a0Mestrado em Ecologia \u00a0Aplicada,<\/li>\n<li><strong>Sub Coordenador Geral: <em>MARCO T\u00daLIO JORGE CORTEZ<\/em><\/strong>, Mestrado Profissional em Desenvolvimento Sustent\u00e1vel e Extens\u00e3o<\/li>\n<li><strong>Coordenadora Administrativa:\u00a0<em>T\u00c1SSIA RAYANE FERREIRA CHAGAS<\/em><\/strong>, Mestrado em Ecologia Aplicada<\/li>\n<li><strong>Sub Coordenadora Administrativa: <em>PRISCILLA BARBOSA ALCANTARA DA SILVA<\/em><\/strong>, Mestrado em Ecologia Aplicada,<\/li>\n<li><strong>Coordenadora de Finan\u00e7as:\u00a0<em>TATIANE CARVALHO ALVARENGA<\/em><\/strong>, Doutorado em Estat\u00edstica e Experimenta\u00e7\u00e3o Agropecu\u00e1ria,<\/li>\n<li><strong>Coordenadora Comunica\u00e7\u00e3o:\u00a0<em>MARINA GOMES<\/em><\/strong>, Mestrado Profissional em Educa\u00e7\u00e3o<\/li>\n<li><strong>Coordenadora de Assuntos Sociais:\u00a0<em>LUANA ZURLO FONSECA<\/em><\/strong>, mestrado em Ecologia Aplicada<\/li>\n<li><strong>Coordenador de Esportes: <em>RAFAEL COUTO ROSA DE SOUZA<\/em><\/strong>, Doutorado em Ecologia Aplicada<\/li>\n<\/ul>\n","protected":false},"excerpt":{"rendered":"<p>A Associa\u00e7\u00e3o dos P\u00f3s-graduandos da UFLA possui atualmente a chapa [R]Existir. Os integrantes s\u00e3o: Coordenadora Geral:\u00a0LARISSA MORAES CORDEIRO,\u00a0Mestrado em Ecologia \u00a0Aplicada, Sub Coordenador Geral: MARCO T\u00daLIO JORGE CORTEZ, Mestrado Profissional em Desenvolvimento Sustent\u00e1vel e Extens\u00e3o Coordenadora Administrativa:\u00a0T\u00c1SSIA RAYANE FERREIRA CHAGAS, Mestrado em Ecologia Aplicada Sub Coordenadora Administrativa: PRISCILLA BARBOSA ALCANTARA DA SILVA, Mestrado em Ecologia &hellip; <a href=\"http:\/\/www.apg.ufla.br\/index.php\/quem-somos-nos\/\" class=\"more-link\">Continue lendo<span class=\"screen-reader-text\"> &#8220;Quem Somos n\u00f3s!?&#8221;<\/span><\/a><\/p>\n","protected":false},"author":1,"featured_media":0,"parent":0,"menu_order":3,"comment_status":"closed","ping_status":"closed","template":"","meta":[],"_links":{"self":[{"href":"http:\/\/www.apg.ufla.br\/index.php\/wp-json\/wp\/v2\/pages\/8"}],"collection":[{"href":"http:\/\/www.apg.ufla.br\/index.php\/wp-json\/wp\/v2\/pages"}],"about":[{"href":"http:\/\/www.apg.ufla.br\/index.php\/wp-json\/wp\/v2\/types\/page"}],"author":[{"embeddable":true,"href":"http:\/\/www.apg.ufla.br\/index.php\/wp-json\/wp\/v2\/users\/1"}],"replies":[{"embeddable":true,"href":"http:\/\/www.apg.ufla.br\/index.php\/wp-json\/wp\/v2\/comments?post=8"}],"version-history":[{"count":3,"href":"http:\/\/www.apg.ufla.br\/index.php\/wp-json\/wp\/v2\/pages\/8\/revisions"}],"predecessor-version":[{"id":56,"href":"http:\/\/www.apg.ufla.br\/index.php\/wp-json\/wp\/v2\/pages\/8\/revisions\/56"}],"wp:attachment":[{"href":"http:\/\/www.apg.ufla.br\/index.php\/wp-json\/wp\/v2\/media?parent=8"}],"curies":[{"name":"wp","href":"https:\/\/api.w.org\/{rel}","templated":true}]}}